{"id":134487,"date":"2021-12-06T21:54:01","date_gmt":"2021-12-07T02:54:01","guid":{"rendered":"http:\/\/alexrighetto.art\/product\/il-balcone-acquerello-originale-collezione-premium-romeo-e-giulietta\/"},"modified":"2023-10-27T16:59:40","modified_gmt":"2023-10-27T20:59:40","slug":"il-balcone-acquerello-originale-collezione-premium-romeo-e-giulietta-venduto","status":"publish","type":"product","link":"https:\/\/www.alexrighetto.art\/it\/prodotto\/il-balcone-acquerello-originale-collezione-premium-romeo-e-giulietta-venduto\/","title":{"rendered":"La scena del balcone"},"content":{"rendered":"<p>&#8220;Il Balcone&#8221; parla molto della connessione tra amore e responsabilit\u00e0. Oltre alle linee inchiostrate e alle tonalit\u00e0 dell&#8217;opera d&#8217;arte, si nasconde un messaggio profondo: per amare veramente qualcuno, bisogna abbracciare completamente le responsabilit\u00e0 che derivano dall&#8217;essere un partner.<\/p>\n<p>Questa non \u00e8 solo un&#8217;opera d&#8217;arte di Romeo e Giulietta, gli eterni amanti, ma piuttosto, essa racchiude un messaggio eterno che va oltre il tempo e l&#8217;emozione. Giulietta sul suo balcone non \u00e8 vista solo come un&#8217;immagine di amore giovane e appassionato, ma come una metafora per comprendere e accettare il peso e la leggerezza di amare veramente qualcuno. Il suo sguardo verso Romeo non nasce solo da un&#8217;infatuazione, ma emerge da un luogo di riconoscimento e accettazione di tutto ci\u00f2 che il loro amore comporta.<\/p>\n<p>L&#8217;applicazione delicata ma netta dell&#8217;inchiostro rappresenta la vivida chiarezza e a volte l&#8217;ambiguit\u00e0 che danza nei territori della responsabilit\u00e0 e dell&#8217;amore. Ogni pennellata \u00e8 un impegno, e ogni spazio vuoto \u00e8 una pausa, un momento di riflessione su cosa significhi essere veramente l\u00ec per qualcuno.<\/p>\n<p>Con &#8220;Il Balcone&#8221;, il pubblico \u00e8 invitato non solo a assistere a un momento tra due amanti, ma ad approfondire le silenziose promesse, le parole non dette e l&#8217;impegno incondizionato che \u00e8 rappresentato dalla scelta di amare pienamente qualcuno. Quest&#8217;opera d&#8217;arte non \u00e8 solo un piacere visivo ma anche un pezzo che invita alla riflessione, mettendo in luce la profondit\u00e0, il dolore, la gioia e la pura vulnerabilit\u00e0 di amare veramente e prendersi cura di un&#8217;altra anima.<\/p>\n","protected":false},"excerpt":{"rendered":"<p>Il dipinto che segue \u00e8 l\u2019opera centrale, ritraente l\u2019iconica scena del balcone tra Romeo e Giulietta. Questo \u00e8 probabilmente l\u2019artefatto pi\u00f9 significativo della collezione, poich\u00e9 mette in luce la dinamica fondamentale su cui si basa la loro relazione.<\/p>\n<p>Una relazione che, in questo contesto, viene rinnovata e riequilibrata, o che, se precedentemente alterata, ora trova la via per un rinnovato equilibrio.<\/p>\n<p>Per amare sinceramente Giulietta, Romeo deve percepire la giovane come un\u2019estensione di s\u00e9, e quindi prendersene cura come farebbe con se stesso. Questo concetto vale anche per Giulietta. Questa mutua comprensione e apprezzamento rappresenta, in effetti, il cuore pulsante del loro amore.<\/p>\n<p>Nel dipinto, i volti di Romeo e Giulietta sono in primo piano, ma sullo sfondo, sono raffigurati in posizioni opposte, suggerendo che l\u2019uno \u00e8 lo specchio dell\u2019altro, che in un certo senso, uno \u00e8 l\u2019altro.<\/p>\n","protected":false},"featured_media":136049,"template":"","meta":{"_acf_changed":false,"_lmt_disableupdate":"","_lmt_disable":""},"product_brand":[],"product_cat":[735,743],"product_tag":[839,852,853,918,919,920,921],"class_list":{"0":"post-134487","1":"product","2":"type-product","3":"status-publish","4":"has-post-thumbnail","6":"product_cat-dipinti-originali","7":"product_cat-collezione-romeo-e-giulietta","8":"product_tag-watercolor-art-it","9":"product_tag-espressionismo-ad-acquerello","10":"product_tag-ritratto-astratto-ad-acquerello","11":"product_tag-collezione-premium-romeo-giulietta-2021","12":"product_tag-quadri-ispirati-a-romeo-e-giulietta","13":"product_tag-arte-moderna-ispirata-da-shakespeare","14":"product_tag-arte-ispirata-dalla-letteratura","15":"product_shipping_class-cassa-di-legno-per-opere-darte","16":"pa_collection-collezione-romeo-e-giulietta","17":"pa_location-collezione-privata","19":"first","20":"outofstock","21":"sold-individually","22":"taxable","23":"shipping-taxable","24":"product-type-simple"},"acf":[],"_links":{"self":[{"href":"https:\/\/www.alexrighetto.art\/it\/wp-json\/wp\/v2\/product\/134487","targetHints":{"allow":["GET"]}}],"collection":[{"href":"https:\/\/www.alexrighetto.art\/it\/wp-json\/wp\/v2\/product"}],"about":[{"href":"https:\/\/www.alexrighetto.art\/it\/wp-json\/wp\/v2\/types\/product"}],"wp:featuredmedia":[{"embeddable":true,"href":"https:\/\/www.alexrighetto.art\/it\/wp-json\/wp\/v2\/media\/136049"}],"wp:attachment":[{"href":"https:\/\/www.alexrighetto.art\/it\/wp-json\/wp\/v2\/media?parent=134487"}],"wp:term":[{"taxonomy":"product_brand","embeddable":true,"href":"https:\/\/www.alexrighetto.art\/it\/wp-json\/wp\/v2\/product_brand?post=134487"},{"taxonomy":"product_cat","embeddable":true,"href":"https:\/\/www.alexrighetto.art\/it\/wp-json\/wp\/v2\/product_cat?post=134487"},{"taxonomy":"product_tag","embeddable":true,"href":"https:\/\/www.alexrighetto.art\/it\/wp-json\/wp\/v2\/product_tag?post=134487"}],"curies":[{"name":"wp","href":"https:\/\/api.w.org\/{rel}","templated":true}]}}