{"id":134434,"date":"2021-12-08T21:45:41","date_gmt":"2021-12-09T02:45:41","guid":{"rendered":"http:\/\/alexrighetto.art\/product\/dolore-e-vicino-al-piacere-romeo-e-giulietta\/"},"modified":"2023-10-27T16:41:44","modified_gmt":"2023-10-27T20:41:44","slug":"il-dolore-e-simile-al-piacere-acquerello-originale-collezione-premium-romeo-e-giulietta-2021","status":"publish","type":"product","link":"https:\/\/www.alexrighetto.art\/it\/prodotto\/il-dolore-e-simile-al-piacere-acquerello-originale-collezione-premium-romeo-e-giulietta-2021\/","title":{"rendered":"Il dolore \u00e8 simile al piacere"},"content":{"rendered":"<p>Romeo, emblema dell&#8217;amore giovane e appassionato, \u00e8 tradotto in un tumultuoso oceano di inchiostro, acquerello e tecnica mista in &#8220;Il dolore \u00e8 simile al piacere&#8221;. Quest&#8217;opera, elegantemente dimensionata a 17,5 x 21 pollici, cattura non solo visivamente il tumultuoso vortice dell&#8217;agonia e dell&#8217;estasi dell&#8217;amore, ma accende anche un&#8217;esperienza emotiva tangibile per lo spettatore.<\/p>\n<p>Con il suo vivace intreccio di colori e pattern astratti, l&#8217;opera presenta Romeo non solo come un personaggio di un racconto classico, ma come un simbolo eterno della contrapposizione di gioia e disperazione che l&#8217;amore pu\u00f2 suscitare. La sua oscurit\u00e0, riflettendo il dolore profondo dell&#8217;amore non corrisposto, \u00e8 magistralmente rappresentata attraverso tinte oscuramente inquietanti, tratti frastagliati e schizzi caotici, che paradossalmente coesistono accanto a delicate sfumature di colore che parlano della natura insaziabile e euforica del suo amore per Giulietta.<\/p>\n<p>Incastonata all&#8217;interno di una cornice in foglia d&#8217;oro realizzata con cura meticolosa, l&#8217;opera \u00e8 contemporaneamente ancorata e contrastata dall&#8217;eleganza raffinata del suo confine. Questa finitura non solo aumenta l&#8217;appeal estetico ma illumina anche metaforicamente il valore e la fragilit\u00e0 delle emozioni contenute al suo interno.<\/p>\n<p>Essendo stata esposta in luoghi rinomati come Art Basel Miami 2021 e in altri a Priano e Tampa, FL nel 2022, &#8220;Il Dolore \u00e8 Vicino al Piacere&#8221; ha attraversato geografie, portando il racconto universale dell&#8217;amore e della perdita e consentendo a pubblici diversi di scrutare nell&#8217;abisso della complessit\u00e0 emotiva attraverso le esperienze di Romeo.<\/p>\n<p>Una rappresentazione squisita del yin e yang dell&#8217;emozione profonda, &#8220;Il dolore \u00e8 simile al piacere&#8221; invita sublime il suo pubblico a riflettere sulle proprie esperienze d&#8217;amore e dolore, attingendo all&#8217;esperienza umana condivisa e senza tempo di navigare tra i sentieri intrecciati del piacere e dell&#8217;angoscia. Si erge come un&#8217;ode senza tempo alla danza perpetua tra gioia e disperazione, rivelando l&#8217;emozione umana cruda e non filtrata dietro una delle tragedie pi\u00f9 amate della letteratura.<\/p>\n","protected":false},"excerpt":{"rendered":"<p>Il dipinto ritrae lo stato emotivo di Romeo all\u2019inizio della storia. \u00c8 visibilmente tormentato da un\u2019attrazione che sembra concentrarsi pi\u00f9 sul fisico che sull\u2019essenza spirituale della persona che desidera.<\/p>\n<p>Si tratta di un ritratto espressionista, che mette in evidenza gli aspetti pi\u00f9 profondi e introspettivi del giovane.<\/p>\n","protected":false},"featured_media":136036,"template":"","meta":{"_acf_changed":false,"_lmt_disableupdate":"","_lmt_disable":""},"product_brand":[],"product_cat":[735,743],"product_tag":[839,852,853,918,919,920,921],"class_list":{"0":"post-134434","1":"product","2":"type-product","3":"status-publish","4":"has-post-thumbnail","6":"product_cat-dipinti-originali","7":"product_cat-collezione-romeo-e-giulietta","8":"product_tag-watercolor-art-it","9":"product_tag-espressionismo-ad-acquerello","10":"product_tag-ritratto-astratto-ad-acquerello","11":"product_tag-collezione-premium-romeo-giulietta-2021","12":"product_tag-quadri-ispirati-a-romeo-e-giulietta","13":"product_tag-arte-moderna-ispirata-da-shakespeare","14":"product_tag-arte-ispirata-dalla-letteratura","15":"product_shipping_class-cassa-di-legno-per-opere-darte","16":"pa_collection-collezione-romeo-e-giulietta","17":"pa_tecnique-inchiostro","18":"pa_tecnique-tecnica-mista","19":"pa_tecnique-acquerello","21":"first","22":"instock","23":"featured","24":"sold-individually","25":"taxable","26":"shipping-taxable","27":"product-type-simple"},"acf":[],"_links":{"self":[{"href":"https:\/\/www.alexrighetto.art\/it\/wp-json\/wp\/v2\/product\/134434","targetHints":{"allow":["GET"]}}],"collection":[{"href":"https:\/\/www.alexrighetto.art\/it\/wp-json\/wp\/v2\/product"}],"about":[{"href":"https:\/\/www.alexrighetto.art\/it\/wp-json\/wp\/v2\/types\/product"}],"wp:featuredmedia":[{"embeddable":true,"href":"https:\/\/www.alexrighetto.art\/it\/wp-json\/wp\/v2\/media\/136036"}],"wp:attachment":[{"href":"https:\/\/www.alexrighetto.art\/it\/wp-json\/wp\/v2\/media?parent=134434"}],"wp:term":[{"taxonomy":"product_brand","embeddable":true,"href":"https:\/\/www.alexrighetto.art\/it\/wp-json\/wp\/v2\/product_brand?post=134434"},{"taxonomy":"product_cat","embeddable":true,"href":"https:\/\/www.alexrighetto.art\/it\/wp-json\/wp\/v2\/product_cat?post=134434"},{"taxonomy":"product_tag","embeddable":true,"href":"https:\/\/www.alexrighetto.art\/it\/wp-json\/wp\/v2\/product_tag?post=134434"}],"curies":[{"name":"wp","href":"https:\/\/api.w.org\/{rel}","templated":true}]}}