{"id":134377,"date":"2022-10-05T11:32:16","date_gmt":"2022-10-05T15:32:16","guid":{"rendered":"http:\/\/alexrighetto.art\/product\/studio-di-nudo\/"},"modified":"2022-10-05T11:32:16","modified_gmt":"2022-10-05T15:32:16","slug":"studio-di-nudo","status":"publish","type":"product","link":"https:\/\/www.alexrighetto.art\/it\/prodotto\/studio-di-nudo\/","title":{"rendered":"Studio di Nudo"},"content":{"rendered":"<p>In &#8220;Studio di Nudo&#8221;, risiede una complessit\u00e0 discreta e una profonda intimit\u00e0. L&#8217;applicazione dell&#8217;acquerello permette una delicata rivelazione delle forme, dove la trasparenza e la sovrapposizione dei pigmenti esplorano i vari contorni e le ombre intime della figura nuda.<\/p>\n<p>L&#8217;assenza di una cornice si inclina verso la vulnerabilit\u00e0 emanata dal soggetto, garantendo che lo spettatore sia accolto in uno spazio sincero e senza restrizioni. Con la morbida diffusione dei colori e il rispetto intrinseco verso il soggetto, l&#8217;artista invita gli osservatori in un luogo di riflessione, ammirazione e apprezzamento per la forma umana nel suo stato pi\u00f9 onesto.<\/p>\n<p>Quest&#8217;opera non \u00e8 solo una rappresentazione; \u00e8 un dialogo intimo tra l&#8217;osservatore e l&#8217;osservato, velato dalle sfumature sottili e dalla qualit\u00e0 eterea propria dell&#8217;acquerello come medium. Parla di quiete, dell&#8217;apertura senza riserve trovata nella solitudine, e della bellezza universale che risiede in ogni curva e ombra della figura umana.<\/p>\n<p>Come parte della Collezione Studio, &#8220;Studio di Nudo&#8221; diventa un invito privato, estendendo una mano ad ogni osservatore per fermarsi, contemplare e celebrare silenziosamente l&#8217;eleganza non imbellettata e naturale dell&#8217;essere. Quest&#8217;opera lega armoniosamente insieme l&#8217;arte classica, la pittura femminile e l&#8217;arte figurativa con la profonda semplicit\u00e0 e bellezza dell&#8217;arte del nudo, risultando in una espressione senza tempo e in una celebrazione dell&#8217;autenticit\u00e0 umana.<\/p>\n","protected":false},"excerpt":{"rendered":"<p>&#8220;Studio di Nudo&#8221; \u00e8 un&#8217;esplorazione sincera e serena nella bellezza e forma senza tempo del corpo umano, comunicata attraverso delicati colpi di acquerello su una tela di 16 x 24 pollici. Come parte della Collezione Studio, quest&#8217;opera d&#8217;arte diventa testimonianza della vulnerabilit\u00e0 e forza spesso esplorate attraverso l&#8217;arte classica e figurativa, in particolare nei studi di nudo.<\/p>\n","protected":false},"featured_media":136002,"template":"","meta":{"_acf_changed":false,"_lmt_disableupdate":"","_lmt_disable":""},"product_brand":[],"product_cat":[735,739],"product_tag":[],"class_list":{"0":"post-134377","1":"product","2":"type-product","3":"status-publish","4":"has-post-thumbnail","6":"product_cat-dipinti-originali","7":"product_cat-collezione-studio","8":"pa_collection-collezione-studio","9":"pa_tecnique-acquerello","11":"first","12":"instock","13":"sold-individually","14":"taxable","15":"shipping-taxable","16":"product-type-simple"},"acf":[],"_links":{"self":[{"href":"https:\/\/www.alexrighetto.art\/it\/wp-json\/wp\/v2\/product\/134377","targetHints":{"allow":["GET"]}}],"collection":[{"href":"https:\/\/www.alexrighetto.art\/it\/wp-json\/wp\/v2\/product"}],"about":[{"href":"https:\/\/www.alexrighetto.art\/it\/wp-json\/wp\/v2\/types\/product"}],"wp:featuredmedia":[{"embeddable":true,"href":"https:\/\/www.alexrighetto.art\/it\/wp-json\/wp\/v2\/media\/136002"}],"wp:attachment":[{"href":"https:\/\/www.alexrighetto.art\/it\/wp-json\/wp\/v2\/media?parent=134377"}],"wp:term":[{"taxonomy":"product_brand","embeddable":true,"href":"https:\/\/www.alexrighetto.art\/it\/wp-json\/wp\/v2\/product_brand?post=134377"},{"taxonomy":"product_cat","embeddable":true,"href":"https:\/\/www.alexrighetto.art\/it\/wp-json\/wp\/v2\/product_cat?post=134377"},{"taxonomy":"product_tag","embeddable":true,"href":"https:\/\/www.alexrighetto.art\/it\/wp-json\/wp\/v2\/product_tag?post=134377"}],"curies":[{"name":"wp","href":"https:\/\/api.w.org\/{rel}","templated":true}]}}