{"id":133588,"date":"2023-08-08T08:33:37","date_gmt":"2023-08-08T12:33:37","guid":{"rendered":"http:\/\/alexrighetto.art\/product\/la-ragazza-e-fenicottero-olio-su-tela\/"},"modified":"2025-03-12T10:32:49","modified_gmt":"2025-03-12T14:32:49","slug":"la-ragazza-e-fenicottero-olio-su-tela","status":"publish","type":"product","link":"https:\/\/www.alexrighetto.art\/it\/prodotto\/la-ragazza-e-fenicottero-olio-su-tela\/","title":{"rendered":"La ragazza e Fenicottero olio su tela"},"content":{"rendered":"<p>Questa scena evoca sia la bellezza che la fragilit\u00e0, mescolando elementi della natura e del simbolismo umano in un gioco di contrasti visivi e tematici.<\/p>\n<p>Il dipinto raffigura una donna avvolta in un abito di petali rosa, seduta con aria pensierosa e intensa, mentre un fenicottero dai colori vivaci \u00e8 accanto a lei, con il lungo collo che si piega elegantemente verso il suo viso. L&#8217;espressione della donna \u00e8 contemplativa, con uno sguardo che sembra catturare un momento di profonda introspezione. I petali dei fiori che la circondano sembrano formare una nuvola eterea, aggiungendo un&#8217;atmosfera quasi surreale all&#8217;immagine.  <\/p>\n<p>L&#8217;uccello, con i suoi colori vivaci e la sua postura imponente, sembra incarnare una presenza protettiva e minacciosa allo stesso tempo, offrendo un intrigante contrasto con la delicatezza e la morbidezza che circonda la figura femminile. Questa giustapposizione di elementi crea un dialogo visivo tra vulnerabilit\u00e0 e forza, bellezza e pericolo, riflettendo simbolicamente le complesse sfide e le dure realt\u00e0 affrontate dalle donne nella societ\u00e0. <\/p>\n","protected":false},"excerpt":{"rendered":"<p>Una giovane donna si trova al centro di un mondo incantato e quasi magico, circondata da una nuvola di delicati petali di fiori. Con uno sguardo diretto e penetrante, lei fissa lo spettatore, trasmettendo un senso di forza e mistero.<\/p>\n<p>Accanto al suo volto, un fenicottero dal portamento quasi minaccioso simboleggia una minaccia non identificata, una metafora del traffico di esseri umani e della violenza che le donne, fin da piccole, sono costrette a subire.<\/p>\n","protected":false},"featured_media":136061,"template":"","meta":{"_acf_changed":false,"_lmt_disableupdate":"","_lmt_disable":""},"product_brand":[],"product_cat":[735,740],"product_tag":[],"class_list":{"0":"post-133588","1":"product","2":"type-product","3":"status-publish","4":"has-post-thumbnail","6":"product_cat-dipinti-originali","7":"product_cat-collezione-radiance","8":"product_shipping_class-cassa-di-legno-per-opere-darte","9":"pa_collection-collezione-radiance","10":"pa_location-private-collection","11":"pa_location-collezione-privata","12":"pa_tecnique-olio-su-tela","14":"first","15":"instock","16":"taxable","17":"shipping-taxable","18":"product-type-simple"},"acf":[],"_links":{"self":[{"href":"https:\/\/www.alexrighetto.art\/it\/wp-json\/wp\/v2\/product\/133588","targetHints":{"allow":["GET"]}}],"collection":[{"href":"https:\/\/www.alexrighetto.art\/it\/wp-json\/wp\/v2\/product"}],"about":[{"href":"https:\/\/www.alexrighetto.art\/it\/wp-json\/wp\/v2\/types\/product"}],"wp:featuredmedia":[{"embeddable":true,"href":"https:\/\/www.alexrighetto.art\/it\/wp-json\/wp\/v2\/media\/136061"}],"wp:attachment":[{"href":"https:\/\/www.alexrighetto.art\/it\/wp-json\/wp\/v2\/media?parent=133588"}],"wp:term":[{"taxonomy":"product_brand","embeddable":true,"href":"https:\/\/www.alexrighetto.art\/it\/wp-json\/wp\/v2\/product_brand?post=133588"},{"taxonomy":"product_cat","embeddable":true,"href":"https:\/\/www.alexrighetto.art\/it\/wp-json\/wp\/v2\/product_cat?post=133588"},{"taxonomy":"product_tag","embeddable":true,"href":"https:\/\/www.alexrighetto.art\/it\/wp-json\/wp\/v2\/product_tag?post=133588"}],"curies":[{"name":"wp","href":"https:\/\/api.w.org\/{rel}","templated":true}]}}