{"id":154751,"date":"2025-03-13T20:12:22","date_gmt":"2025-03-14T00:12:22","guid":{"rendered":"https:\/\/www.alexrighetto.art\/art-acquisition-availability\/"},"modified":"2025-03-26T11:56:59","modified_gmt":"2025-03-26T15:56:59","slug":"art-acquisition-availability","status":"publish","type":"page","link":"https:\/\/www.alexrighetto.art\/it\/art-acquisition-availability\/","title":{"rendered":"Acquisizione e disponibilit\u00e0 di opere d&#8217;arte"},"content":{"rendered":"<div class=\"wpb-content-wrapper\"><p>[vc_row row_height_percent=&#8221;0&#8243; override_padding=&#8221;yes&#8221; h_padding=&#8221;2&#8243; top_padding=&#8221;4&#8243; bottom_padding=&#8221;2&#8243; overlay_alpha=&#8221;50&#8243; gutter_size=&#8221;3&#8243; column_width_percent=&#8221;100&#8243; shift_y=&#8221;0&#8243; z_index=&#8221;0&#8243; content_parallax=&#8221;0&#8243; uncode_shortcode_id=&#8221;880241&#8243;][vc_column column_width_percent=&#8221;80&#8243; gutter_size=&#8221;3&#8243; overlay_alpha=&#8221;50&#8243; shift_x=&#8221;0&#8243; shift_y=&#8221;0&#8243; shift_y_down=&#8221;0&#8243; z_index=&#8221;0&#8243; medium_width=&#8221;0&#8243; mobile_width=&#8221;0&#8243; width=&#8221;1\/1&#8243; uncode_shortcode_id=&#8221;416145&#8243;][vc_custom_heading uncode_shortcode_id=&#8221;156092&#8243;]Come acquistare opere d&#8217;arte originali e stampe esclusive?[\/vc_custom_heading][vc_column_text text_lead=&#8221;small&#8221; uncode_shortcode_id=&#8221;169344&#8243;]<span class=\"relative -mx-px my-[-0.2rem] rounded px-px py-[0.2rem]\">Gli appassionati d&#8217;arte e i collezionisti possono esplorare e acquistare opere originali e stampe esclusive.<\/span> <span class=\"relative -mx-px my-[-0.2rem] rounded px-px py-[0.2rem]\">Le nostre offerte comprendono sia stampe su tela che su carta, ciascuna prodotta su richiesta per garantire la massima qualit\u00e0 ed esclusivit\u00e0.<\/span>[\/vc_column_text][vc_custom_heading text_size=&#8221;h3&#8243; uncode_shortcode_id=&#8221;178169&#8243;]Contattare le gallerie e accedere al catalogo completo[\/vc_custom_heading][vc_column_text text_lead=&#8221;small&#8221; uncode_shortcode_id=&#8221;778835&#8243;]A seconda delle mostre in corso e delle rappresentazioni in galleria, sono disponibili diverse opzioni di contatto. Per richieste specifiche o per richiedere il catalogo completo delle opere di Alex Righetto, contattaci direttamente tramite i recapiti qui riportati.[\/vc_column_text][\/vc_column][\/vc_row][vc_row row_height_percent=&#8221;0&#8243; overlay_alpha=&#8221;50&#8243; gutter_size=&#8221;3&#8243; column_width_percent=&#8221;100&#8243; shift_y=&#8221;0&#8243; z_index=&#8221;0&#8243; medium_visibility=&#8221;yes&#8221; mobile_visibility=&#8221;yes&#8221; inverted_device_order=&#8221;yes&#8221; content_parallax=&#8221;0&#8243; uncode_shortcode_id=&#8221;115998&#8243;][vc_column column_width_percent=&#8221;85&#8243; gutter_size=&#8221;3&#8243; style=&#8221;light&#8221; back_color=&#8221;color-xsdn&#8221; overlay_alpha=&#8221;42&#8243; radius=&#8221;sm&#8221; shift_x=&#8221;0&#8243; shift_y=&#8221;0&#8243; shift_y_down=&#8221;0&#8243; z_index=&#8221;0&#8243; medium_width=&#8221;0&#8243; mobile_width=&#8221;0&#8243; width=&#8221;1\/1&#8243; uncode_shortcode_id=&#8221;211780&#8243; back_color_type=&#8221;uncode-palette&#8221; css=&#8221;.vc_custom_1741961547292{border-top-width: 0px !important;border-right-width: 0px !important;border-bottom-width: 0px !important;border-left-width: 0px !important;}&#8221; el_class=&#8221;cf7-style-wire&#8221;][vc_custom_heading text_weight=&#8221;400&#8243; sub_lead=&#8221;small&#8221; sub_reduced=&#8221;yes&#8221; uncode_shortcode_id=&#8221;178415&#8243; subheading=&#8221;Utilizza questo modulo per richiedere un catalogo in formato PDF. Riceverai l&apos;accesso a un documento completo con tutte le opere d&apos;arte, comprese quelle passate e quelle attuali. &#8220;]Richiedi il catalogo[\/vc_custom_heading]\n<div class=\"wpcf7 no-js\" id=\"wpcf7-f154724-o1\" lang=\"it-IT\" dir=\"ltr\" data-wpcf7-id=\"154724\">\n<div class=\"screen-reader-response\"><p role=\"status\" aria-live=\"polite\" aria-atomic=\"true\"><\/p> <ul><\/ul><\/div>\n<form action=\"\/it\/wp-json\/wp\/v2\/pages\/154751#wpcf7-f154724-o1\" method=\"post\" class=\"wpcf7-form init input-background\" aria-label=\"Modulo di contatto\" novalidate=\"novalidate\" data-status=\"init\">\n<fieldset class=\"hidden-fields-container\"><input type=\"hidden\" name=\"_wpcf7\" value=\"154724\" \/><input type=\"hidden\" name=\"_wpcf7_version\" value=\"6.1.5\" \/><input type=\"hidden\" name=\"_wpcf7_locale\" value=\"it_IT\" \/><input type=\"hidden\" name=\"_wpcf7_unit_tag\" value=\"wpcf7-f154724-o1\" \/><input type=\"hidden\" name=\"_wpcf7_container_post\" value=\"0\" \/><input type=\"hidden\" name=\"_wpcf7_posted_data_hash\" value=\"\" \/><input type=\"hidden\" name=\"_wpcf7dtx_version\" value=\"5.0.5\" \/><input type=\"hidden\" name=\"_wpcf7_recaptcha_response\" value=\"\" \/>\n<\/fieldset>\n<div class=\"wpcf7-inline-wrapper\">\n\t<p class=\"wpcf7-inline-field\"><label class=\"wpcf7-inline-field\">Il tuo nome*<\/label><span class=\"wpcf7-form-control-wrap\"><span class=\"wpcf7-form-control-wrap\" data-name=\"your-firstname\"><input size=\"40\" maxlength=\"400\" class=\"wpcf7-form-control wpcf7-text wpcf7-validates-as-required\" id=\"first-name\" aria-required=\"true\" aria-invalid=\"false\" placeholder=\"Il tuo nome\" value=\"\" type=\"text\" name=\"your-firstname\" \/><\/span><\/span>\n\t<\/p>\n\t<p class=\"wpcf7-inline-field\"><label class=\"wpcf7-inline-field\">Il tuo cognome*<\/label><span class=\"wpcf7-form-control-wrap\"><span class=\"wpcf7-form-control-wrap\" data-name=\"your-lastname\"><input size=\"40\" maxlength=\"400\" class=\"wpcf7-form-control wpcf7-text wpcf7-validates-as-required\" id=\"last-name\" aria-required=\"true\" aria-invalid=\"false\" placeholder=\"Inserisci il tuo cognome\" value=\"\" type=\"text\" name=\"your-lastname\" \/><\/span><\/span>\n\t<\/p>\n<\/div>\n<div class=\"wpcf7-inline-wrapper\">\n\t<p class=\"wpcf7-inline-field\"><label class=\"wpcf7-inline-field\">La tua email*<\/label><span class=\"wpcf7-form-control-wrap\"><span class=\"wpcf7-form-control-wrap\" data-name=\"your-email\"><input size=\"40\" maxlength=\"400\" class=\"wpcf7-form-control wpcf7-email wpcf7-validates-as-required wpcf7-text wpcf7-validates-as-email\" autocomplete=\"email\" aria-required=\"true\" aria-invalid=\"false\" placeholder=\"Inserisci la tua email qui\" value=\"\" type=\"email\" name=\"your-email\" \/><\/span><\/span>\n\t<\/p>\n\t<p class=\"wpcf7-inline-field\"><label class=\"wpcf7-inline-field\">Il tuo telefono<\/label><span class=\"wpcf7-form-control-wrap\"><span class=\"wpcf7-form-control-wrap\" data-name=\"sms\"><input size=\"40\" class=\"wpcf7-form-control wpcf7-phonetext wpcf7-text wpcf7-validates-as-phonetext\" aria-invalid=\"false\" placeholder=\"ad esempio, 555-123-4567\" value=\"\" type=\"text\" name=\"sms\" \/><input type=\"hidden\" name=\"sms-country-code\" class=\"wpcf7-phonetext-country-code\" \/><\/span><\/span>\n\t<\/p>\n<\/div>\n<p><span class=\"wpcf7-form-control-wrap\" data-name=\"marketing\"><span class=\"wpcf7-form-control wpcf7-acceptance\"><span class=\"wpcf7-list-item\"><label><input type=\"checkbox\" name=\"marketing\" value=\"1\" checked=\"checked\" aria-invalid=\"false\" \/><span class=\"wpcf7-list-item-label\">S\u00ec, desidero ricevere comunicazioni da Alex.<\/span><\/label><\/span><\/span><\/span><br \/>\n<div class=\"wpcf7-response-output\" aria-hidden=\"true\"><\/div><br \/>\n<input class=\"wpcf7-form-control wpcf7-submit has-spinner btn btn-default btn-block btn-lg btn-circle btn-inherit font-weight-500\" type=\"submit\" value=\"Richiedi il catalogo\" \/>\n<\/p>\n<span class=\"wpcf7-form-control-wrap referrer\" data-name=\"referrer\"><input type=\"hidden\" name=\"referrer\" class=\"wpcf7-form-control wpcf7-hidden wpcf7dtx wpcf7dtx-hidden dtx-pageload\" aria-invalid=\"false\" value=\"CF7_referente\" data-dtx-value=\"CF7_referente\"><\/span>\n<span class=\"wpcf7-form-control-wrap blog-info\" data-name=\"blog-info\"><input type=\"hidden\" name=\"blog-info\" class=\"wpcf7-form-control wpcf7-hidden wpcf7dtx wpcf7dtx-hidden dtx-pageload\" aria-invalid=\"false\" value=\"Alex Righetto\" data-dtx-value=\"CF7_bloginfo\"><\/span>\n<span class=\"wpcf7-form-control-wrap current-url\" data-name=\"current-url\"><input type=\"hidden\" name=\"current-url\" class=\"wpcf7-form-control wpcf7-hidden wpcf7dtx wpcf7dtx-hidden dtx-pageload\" aria-invalid=\"false\" value=\"https:\/\/www.alexrighetto.art\/it\/wp-json\/wp\/v2\/pages\/154751\" data-dtx-value=\"CF7_URL\"><\/span>\n<span class=\"wpcf7-form-control-wrap form_type\" data-name=\"form_type\"><input type=\"hidden\" name=\"form_type\" class=\"wpcf7-form-control wpcf7-hidden wpcf7dtx wpcf7dtx-hidden\" aria-invalid=\"false\" value=\"richiesta_di_catalogo\"><\/span>\n<span class=\"wpcf7-form-control-wrap language\" data-name=\"language\"><input type=\"hidden\" name=\"language\" class=\"wpcf7-form-control wpcf7-hidden wpcf7dtx wpcf7dtx-hidden\" aria-invalid=\"false\" value=\"it\"><\/span><p style=\"display: none !important;\" class=\"akismet-fields-container\" data-prefix=\"_wpcf7_ak_\"><label>&#916;<textarea name=\"_wpcf7_ak_hp_textarea\" cols=\"45\" rows=\"8\" maxlength=\"100\"><\/textarea><\/label><input type=\"hidden\" id=\"ak_js_1\" name=\"_wpcf7_ak_js\" value=\"207\"\/><script type=\"text\/javascript\">\n\/* <![CDATA[ *\/\ndocument.getElementById( \"ak_js_1\" ).setAttribute( \"value\", ( new Date() ).getTime() );\n\/* ]]> *\/\n<\/script>\n<\/p><input type='hidden' class='wpcf7-pum' value='{\"closepopup\":false,\"closedelay\":0,\"openpopup\":false,\"openpopup_id\":0}' \/>\n<\/form>\n<\/div>\n[\/vc_column][\/vc_row][vc_row row_height_percent=&#8221;0&#8243; overlay_alpha=&#8221;50&#8243; gutter_size=&#8221;3&#8243; column_width_percent=&#8221;100&#8243; shift_y=&#8221;0&#8243; z_index=&#8221;0&#8243; desktop_visibility=&#8221;yes&#8221; inverted_device_order=&#8221;yes&#8221; content_parallax=&#8221;0&#8243; uncode_shortcode_id=&#8221;122382&#8243;][vc_column column_width_percent=&#8221;85&#8243; gutter_size=&#8221;3&#8243; style=&#8221;light&#8221; back_color=&#8221;color-xsdn&#8221; overlay_alpha=&#8221;42&#8243; radius=&#8221;sm&#8221; shift_x=&#8221;0&#8243; shift_y=&#8221;0&#8243; shift_y_down=&#8221;0&#8243; z_index=&#8221;0&#8243; medium_width=&#8221;0&#8243; mobile_width=&#8221;0&#8243; width=&#8221;1\/1&#8243; uncode_shortcode_id=&#8221;211780&#8243; back_color_type=&#8221;uncode-palette&#8221; css=&#8221;.vc_custom_1741961547292{border-top-width: 0px !important;border-right-width: 0px !important;border-bottom-width: 0px !important;border-left-width: 0px !important;}&#8221; el_class=&#8221;cf7-style-wire&#8221;][vc_custom_heading text_weight=&#8221;400&#8243; sub_lead=&#8221;small&#8221; sub_reduced=&#8221;yes&#8221; uncode_shortcode_id=&#8221;178415&#8243; subheading=&#8221;Utilizza questo modulo per richiedere un catalogo in formato PDF. Riceverai l&apos;accesso a un documento completo con tutte le opere d&apos;arte, comprese quelle passate e quelle attuali. &#8220;]Richiedi il catalogo[\/vc_custom_heading]\n<div class=\"wpcf7 no-js\" id=\"wpcf7-f154473-o2\" lang=\"en-US\" dir=\"ltr\" data-wpcf7-id=\"154473\">\n<div class=\"screen-reader-response\"><p role=\"status\" aria-live=\"polite\" aria-atomic=\"true\"><\/p> <ul><\/ul><\/div>\n<form action=\"\/it\/wp-json\/wp\/v2\/pages\/154751#wpcf7-f154473-o2\" method=\"post\" class=\"wpcf7-form init input-background\" aria-label=\"Contact form\" novalidate=\"novalidate\" data-status=\"init\">\n<fieldset class=\"hidden-fields-container\"><input type=\"hidden\" name=\"_wpcf7\" value=\"154473\" \/><input type=\"hidden\" name=\"_wpcf7_version\" value=\"6.1.5\" \/><input type=\"hidden\" name=\"_wpcf7_locale\" value=\"en_US\" \/><input type=\"hidden\" name=\"_wpcf7_unit_tag\" value=\"wpcf7-f154473-o2\" \/><input type=\"hidden\" name=\"_wpcf7_container_post\" value=\"0\" \/><input type=\"hidden\" name=\"_wpcf7_posted_data_hash\" value=\"\" \/><input type=\"hidden\" name=\"_wpcf7dtx_version\" value=\"5.0.5\" \/><input type=\"hidden\" name=\"_wpcf7_recaptcha_response\" value=\"\" \/>\n<\/fieldset>\n<div class=\"wpcf7-inline-wide\">\n\t<p class=\"wpcf7-inline-field\"><label class=\"wpcf7-inline-field\">Your name*<\/label><span class=\"wpcf7-form-control-wrap\"><span class=\"wpcf7-form-control-wrap\" data-name=\"your-firstname\"><input size=\"40\" maxlength=\"400\" class=\"wpcf7-form-control wpcf7-text wpcf7-validates-as-required\" aria-required=\"true\" aria-invalid=\"false\" placeholder=\"Your first name here\" value=\"\" type=\"text\" name=\"your-firstname\" \/><\/span><\/span>\n\t<\/p>\n<\/div>\n<div class=\"wpcf7-inline-wide\">\n\t<p class=\"wpcf7-inline-field\"><label class=\"wpcf7-inline-field\">Your Last Name*<\/label><span class=\"wpcf7-form-control-wrap\"><span class=\"wpcf7-form-control-wrap\" data-name=\"your-lastname\"><input size=\"40\" maxlength=\"400\" class=\"wpcf7-form-control wpcf7-text wpcf7-validates-as-required\" aria-required=\"true\" aria-invalid=\"false\" placeholder=\"Enter your last name\" value=\"\" type=\"text\" name=\"your-lastname\" \/><\/span><\/span>\n\t<\/p>\n<\/div>\n<div class=\"wpcf7-inline-wide\">\n\t<p class=\"wpcf7-inline-field\"><label class=\"wpcf7-inline-field\">Your email*<\/label><span class=\"wpcf7-form-control-wrap\"><span class=\"wpcf7-form-control-wrap\" data-name=\"your-email\"><input size=\"40\" maxlength=\"400\" class=\"wpcf7-form-control wpcf7-email wpcf7-validates-as-required wpcf7-text wpcf7-validates-as-email\" autocomplete=\"email\" aria-required=\"true\" aria-invalid=\"false\" placeholder=\"Enter your email here\" value=\"\" type=\"email\" name=\"your-email\" \/><\/span><\/span>\n\t<\/p>\n<\/div>\n<div class=\"wpcf7-inline-wide\">\n\t<p class=\"wpcf7-inline-field\"><label class=\"wpcf7-inline-field\" >Your phone<\/label><span class=\"wpcf7-form-control-wrap\"><span class=\"wpcf7-form-control-wrap\" data-name=\"sms\"><input size=\"40\" class=\"wpcf7-form-control wpcf7-phonetext wpcf7-text wpcf7-validates-as-phonetext\" aria-invalid=\"false\" placeholder=\"e.g., 555-123-4567\" value=\"\" type=\"text\" name=\"sms\" \/><input type=\"hidden\" name=\"sms-country-code\" class=\"wpcf7-phonetext-country-code\" \/><\/span><\/span>\n\t<\/p>\n<\/div>\n<p><span class=\"wpcf7-form-control-wrap\" data-name=\"marketing\"><span class=\"wpcf7-form-control wpcf7-acceptance\"><span class=\"wpcf7-list-item\"><label><input type=\"checkbox\" name=\"marketing\" value=\"1\" checked=\"checked\" aria-invalid=\"false\" \/><span class=\"wpcf7-list-item-label\">Yes, I would like to receive communications from Alex.<\/span><\/label><\/span><\/span><\/span><br \/>\n<div class=\"wpcf7-response-output\" aria-hidden=\"true\"><\/div><br \/>\n<input class=\"wpcf7-form-control wpcf7-submit has-spinner btn btn-default btn-block btn-lg btn-circle btn-inherit font-weight-500\" type=\"submit\" value=\"Request catalog\" \/>\n<\/p>\n<span class=\"wpcf7-form-control-wrap referrer\" data-name=\"referrer\"><input type=\"hidden\" name=\"referrer\" class=\"wpcf7-form-control wpcf7-hidden wpcf7dtx wpcf7dtx-hidden dtx-pageload\" aria-invalid=\"false\" data-dtx-value=\"CF7_referrer\"><\/span>\n<span class=\"wpcf7-form-control-wrap blog-info\" data-name=\"blog-info\"><input type=\"hidden\" name=\"blog-info\" class=\"wpcf7-form-control wpcf7-hidden wpcf7dtx wpcf7dtx-hidden dtx-pageload\" aria-invalid=\"false\" value=\"Alex Righetto\" data-dtx-value=\"CF7_bloginfo\"><\/span>\n<span class=\"wpcf7-form-control-wrap current-url\" data-name=\"current-url\"><input type=\"hidden\" name=\"current-url\" class=\"wpcf7-form-control wpcf7-hidden wpcf7dtx wpcf7dtx-hidden dtx-pageload\" aria-invalid=\"false\" value=\"https:\/\/www.alexrighetto.art\/it\/wp-json\/wp\/v2\/pages\/154751\" data-dtx-value=\"CF7_URL\"><\/span>\n<span class=\"wpcf7-form-control-wrap form_type\" data-name=\"form_type\"><input type=\"hidden\" name=\"form_type\" class=\"wpcf7-form-control wpcf7-hidden wpcf7dtx wpcf7dtx-hidden\" aria-invalid=\"false\" value=\"catalog_request\"><\/span>\n<span class=\"wpcf7-form-control-wrap language\" data-name=\"language\"><input type=\"hidden\" name=\"language\" class=\"wpcf7-form-control wpcf7-hidden wpcf7dtx wpcf7dtx-hidden\" aria-invalid=\"false\" value=\"en\"><\/span><p style=\"display: none !important;\" class=\"akismet-fields-container\" data-prefix=\"_wpcf7_ak_\"><label>&#916;<textarea name=\"_wpcf7_ak_hp_textarea\" cols=\"45\" rows=\"8\" maxlength=\"100\"><\/textarea><\/label><input type=\"hidden\" id=\"ak_js_2\" name=\"_wpcf7_ak_js\" value=\"240\"\/><script type=\"text\/javascript\">\n\/* <![CDATA[ *\/\ndocument.getElementById( \"ak_js_2\" ).setAttribute( \"value\", ( new Date() ).getTime() );\n\/* ]]> *\/\n<\/script>\n<\/p><input type='hidden' class='wpcf7-pum' value='{\"closepopup\":false,\"closedelay\":0,\"openpopup\":false,\"openpopup_id\":0}' \/>\n<\/form>\n<\/div>\n[\/vc_column][\/vc_row][vc_row row_height_percent=&#8221;0&#8243; override_padding=&#8221;yes&#8221; h_padding=&#8221;2&#8243; top_padding=&#8221;2&#8243; bottom_padding=&#8221;4&#8243; overlay_alpha=&#8221;50&#8243; gutter_size=&#8221;3&#8243; column_width_percent=&#8221;100&#8243; shift_y=&#8221;0&#8243; z_index=&#8221;0&#8243; content_parallax=&#8221;0&#8243; uncode_shortcode_id=&#8221;120253&#8243;][vc_column column_width_percent=&#8221;80&#8243; gutter_size=&#8221;3&#8243; overlay_alpha=&#8221;50&#8243; shift_x=&#8221;0&#8243; shift_y=&#8221;0&#8243; shift_y_down=&#8221;0&#8243; z_index=&#8221;0&#8243; medium_width=&#8221;0&#8243; mobile_width=&#8221;0&#8243; width=&#8221;1\/1&#8243; uncode_shortcode_id=&#8221;416145&#8243;][vc_custom_heading text_size=&#8221;h3&#8243; uncode_shortcode_id=&#8221;136995&#8243;]Sono disponibili stampe esclusive[\/vc_custom_heading][vc_column_text text_lead=&#8221;small&#8221; uncode_shortcode_id=&#8221;164272&#8243;]Alcune stampe sono ancora disponibili, ma in quantit\u00e0 limitata. Come collezionista, hai l&#8217;opportunit\u00e0 di acquistare stampe esclusive e di alta qualit\u00e0 prima che si esauriscano. Ti invitiamo a informarti sulla disponibilit\u00e0 e su ulteriori dettagli.[\/vc_column_text][\/vc_column][\/vc_row]<\/p>\n<\/div>","protected":false},"excerpt":{"rendered":"<p>[vc_row row_height_percent=&#8221;0&#8243; override_padding=&#8221;yes&#8221; h_padding=&#8221;2&#8243; top_padding=&#8221;4&#8243; bottom_padding=&#8221;2&#8243; overlay_alpha=&#8221;50&#8243; gutter_size=&#8221;3&#8243; column_width_percent=&#8221;100&#8243; shift_y=&#8221;0&#8243; z_index=&#8221;0&#8243; content_parallax=&#8221;0&#8243; uncode_shortcode_id=&#8221;880241&#8243;][vc_column column_width_percent=&#8221;80&#8243; gutter_size=&#8221;3&#8243; overlay_alpha=&#8221;50&#8243; shift_x=&#8221;0&#8243; shift_y=&#8221;0&#8243; shift_y_down=&#8221;0&#8243; z_index=&#8221;0&#8243; [&hellip;]<\/p>\n","protected":false},"author":13,"featured_media":0,"parent":0,"menu_order":0,"comment_status":"closed","ping_status":"closed","template":"","meta":{"_acf_changed":false,"_lmt_disableupdate":"no","_lmt_disable":"","footnotes":""},"class_list":["post-154751","page","type-page","status-publish","hentry"],"acf":[],"_links":{"self":[{"href":"https:\/\/www.alexrighetto.art\/it\/wp-json\/wp\/v2\/pages\/154751","targetHints":{"allow":["GET"]}}],"collection":[{"href":"https:\/\/www.alexrighetto.art\/it\/wp-json\/wp\/v2\/pages"}],"about":[{"href":"https:\/\/www.alexrighetto.art\/it\/wp-json\/wp\/v2\/types\/page"}],"author":[{"embeddable":true,"href":"https:\/\/www.alexrighetto.art\/it\/wp-json\/wp\/v2\/users\/13"}],"replies":[{"embeddable":true,"href":"https:\/\/www.alexrighetto.art\/it\/wp-json\/wp\/v2\/comments?post=154751"}],"version-history":[{"count":4,"href":"https:\/\/www.alexrighetto.art\/it\/wp-json\/wp\/v2\/pages\/154751\/revisions"}],"predecessor-version":[{"id":154828,"href":"https:\/\/www.alexrighetto.art\/it\/wp-json\/wp\/v2\/pages\/154751\/revisions\/154828"}],"wp:attachment":[{"href":"https:\/\/www.alexrighetto.art\/it\/wp-json\/wp\/v2\/media?parent=154751"}],"curies":[{"name":"wp","href":"https:\/\/api.w.org\/{rel}","templated":true}]}}