{"id":136235,"date":"2023-11-18T17:32:25","date_gmt":"2023-11-18T22:32:25","guid":{"rendered":"http:\/\/alexrighetto.art\/collezioni\/collezione-radiance\/una-dichiarazione-contro-il-traffico-di-esseri-umani\/"},"modified":"2023-11-29T19:28:54","modified_gmt":"2023-11-30T00:28:54","slug":"una-dichiarazione-contro-il-traffico-di-esseri-umani","status":"publish","type":"page","link":"https:\/\/www.alexrighetto.art\/it\/collezioni\/collezione-radiance\/una-dichiarazione-contro-il-traffico-di-esseri-umani\/","title":{"rendered":"Collezione Radiance: Una Dichiarazione Contro il Traffico di Esseri Umani"},"content":{"rendered":"<div class=\"wpb-content-wrapper\"><p>[vc_row row_height_percent=&#8221;0&#8243; override_padding=&#8221;yes&#8221; h_padding=&#8221;2&#8243; top_padding=&#8221;2&#8243; bottom_padding=&#8221;4&#8243; overlay_alpha=&#8221;50&#8243; gutter_size=&#8221;3&#8243; column_width_percent=&#8221;100&#8243; shift_y=&#8221;0&#8243; z_index=&#8221;0&#8243; uncode_shortcode_id=&#8221;250795&#8243;][vc_column width=&#8221;1\/1&#8243;][vc_column_text uncode_shortcode_id=&#8221;271833&#8243;]<nav aria-label=\"breadcrumbs\" class=\"rank-math-breadcrumb\"><p><span class=\"last\">Home<\/span><\/p><\/nav>[\/vc_column_text][vc_custom_heading auto_text=&#8221;yes&#8221; text_size=&#8221;fontsize-ultra-h1&#8243; uncode_shortcode_id=&#8221;609069&#8243;]This is a custom heading element.[\/vc_custom_heading][\/vc_column][\/vc_row][vc_row][vc_column width=&#8221;1\/1&#8243;][vc_custom_heading separator=&#8221;under&#8221; separator_color=&#8221;yes&#8221; sub_reduced=&#8221;yes&#8221; uncode_shortcode_id=&#8221;411331&#8243; subheading=&#8221;L&#039;origine e la visione della collezione Radiance&#8221;]L&#8217;Essenza della Collezione Radiance[\/vc_custom_heading][vc_column_text uncode_shortcode_id=&#8221;165496&#8243;]<a href=\"https:\/\/www.alexrighetto.art\/it\/collezioni\/collezione-radiance\/\"><strong>La collezione Radiance<\/strong><\/a> \u00e8 nata dall&#8217;esplorazione dell&#8217;energia femminile unica e inconfondibile che risplende in ogni donna. Il risultato \u00e8 un&#8217;affascinante fusione di luminosit\u00e0 e sfumature tra l&#8217;oro, dove le donne sono ritratte come protagoniste in fiore.[\/vc_column_text][vc_single_image dynamic=&#8221;yes&#8221; media_width_percent=&#8221;100&#8243; media_ratio=&#8221;one-one&#8221; alignment=&#8221;center&#8221; uncode_shortcode_id=&#8221;106803&#8243;][\/vc_column][\/vc_row][vc_row][vc_column width=&#8221;1\/1&#8243;][vc_custom_heading separator=&#8221;under&#8221; separator_color=&#8221;yes&#8221; sub_reduced=&#8221;yes&#8221; uncode_shortcode_id=&#8221;114500&#8243; subheading=&#8221;Riflessioni sulla resilienza e sul ruolo delle donne&#8221;]Simbolismo e Significato[\/vc_custom_heading][vc_column_text uncode_shortcode_id=&#8221;990432&#8243;]Questa collezione vuole omaggiare il rispetto per la figura femminile nel mondo contemporaneo, spesso trascurata ed anzi oltraggiata.<\/p>\n<p>lo stile fonde elementi fiabeschi e surrealisti, arricchiti da riferimenti esotici e simboli di trasformazione, con la presenza di motivi ricorrenti come i fiori in tutta la collezione.<\/p>\n<p>Fiori ricorrenti adornano le opere, simboleggiando la bellezza e la forza femminili.<\/p>\n<p>L&#8217;artista presenta questa collezione come un tributo al rispetto dovuto alla figura femminile, spesso trascurata in vari ambiti. Inaugurata con una mostra personale a Miami nel 2023, la collezione si propone come un manifesto contro l&#8217;abuso femminile, con un focus particolare sull&#8217;iper-sessualizzazione nei media e online.[\/vc_column_text][\/vc_column][\/vc_row][vc_row][vc_column width=&#8221;1\/1&#8243;][vc_custom_heading separator=&#8221;under&#8221; separator_color=&#8221;yes&#8221; sub_reduced=&#8221;yes&#8221; uncode_shortcode_id=&#8221;567360&#8243; subheading=&#8221;L&#039;arte come mezzo di sensibilizzazione sociale&#8221;]Radiance e la Societ\u00e0[\/vc_custom_heading][vc_column_text uncode_shortcode_id=&#8221;144646&#8243;]Radiance non solo celebra la resilienza femminile ma invita anche alla riflessione sul ruolo della donna nella societ\u00e0 contemporanea.<\/p>\n<p>L&#8217;opera affronta il tema delicato della tratta degli esseri umani, usando la potente espressione artistica per denunciare la schiavit\u00f9 moderna. Raffigurando donne immerse in sfumature dorate e circondate da un&#8217;aureola di luce, l&#8217;artista simboleggia la loro forza interiore che contrasta la mercificazione del corpo femminile. <\/p>\n<p>Questo lavoro artistico non solo trasmette un messaggio di speranza e rinnovamento per le vittime, ma serve anche da richiamo all&#8217;azione contro lo sfruttamento.<\/p>\n<p>Con Radiance, l&#8217;artista mira a sensibilizzare il pubblico e a promuovere un cambiamento sociale, invitando gli spettatori a unirsi nella lotta contro la tratta degli esseri umani e ogni forma di abuso.[\/vc_column_text][\/vc_column][\/vc_row][vc_row][vc_column width=&#8221;1\/1&#8243;][vc_custom_heading separator=&#8221;under&#8221; separator_color=&#8221;yes&#8221; sub_reduced=&#8221;yes&#8221; uncode_shortcode_id=&#8221;142620&#8243; subheading=&#8221;Il significato e l&#039;impatto della parola &#039;Radiance&#039;&#8221;]La Luce Interiore[\/vc_custom_heading][vc_column_text uncode_shortcode_id=&#8221;121032&#8243;]La parola &#8220;Radiance&#8221; evoca l&#8217;immagine di una luce che si irradia, simbolo della forza e dell&#8217;energia che emanano le donne. Questo termine, che richiama l&#8217;idea di splendere e di diffondere energia, si lega strettamente al concetto di propagazione. <\/p>\n<p>Nel contesto femminile, la radiance si riferisce non solo alla capacit\u00e0 di emanare una luce brillante e un&#8217;energia vitale, ma anche al potere intrinseco delle donne di influenzare, nutrire e far crescere ci\u00f2 che le circonda.<\/p>\n<p>Questa forza non \u00e8 limitata alla sola dimensione fisica o visibile; come la luce che pu\u00f2 viaggiare attraverso lo spazio vuoto, cos\u00ec l&#8217;influenza femminile si estende oltre i confini tangibili, avendo un impatto profondo e duraturo. In questo senso, la radiance femminile rappresenta la capacit\u00e0 unica di dare vita, sostenere la crescita e perpetuare il cambiamento positivo, incarnando cos\u00ec la potenza e la resilienza dello spirito femminile.[\/vc_column_text][\/vc_column][\/vc_row][vc_row][vc_column width=&#8221;1\/1&#8243;][vc_custom_heading separator=&#8221;under&#8221; separator_color=&#8221;yes&#8221; sub_reduced=&#8221;yes&#8221; uncode_shortcode_id=&#8221;212222&#8243;]Le opere[\/vc_custom_heading][vc_column_text uncode_shortcode_id=&#8221;486650&#8243;]Questa collezione risplende in una gamma di colori e toni, Composta da sette figure femminili dipinte con delicati acquerelli e foglia d\u2019oro, e grandi tele ad olio.<\/p>\n<p>Le opere sono fonte di ispirazione e contribuiscono a sottolineando la centralit\u00e0 delle donne nell&#8217;universo e la loro capacit\u00e0 di diffondere la loro energia interna attraverso tutto, persino il vuoto.<\/p>\n<p>La collezione include pezzi come &#8220;il Guardiano&#8221;, che contrasta il silenzio attorno alla tratta degli esseri umani, rappresentando una forma di schiavit\u00f9 moderna, e &#8220;Resilience&#8221;, che ritrae una ragazza con uno sguardo provocatorio e una fiera bestia dietro di lei, simboleggiando la forza e la delicatezza spesso trascurate della figura femminile contemporanea\u200b\u200b\u200b\u200b.<\/p>\n<p>Altre opere notevoli includono &#8220;The Emergence of a Queen&#8221;, che rappresenta potente una donna africana, e &#8220;Amour-Propre&#8221;, un dipinto che ritrae un momento emotivo profondo per una donna, irradiando particelle dorate di energia come un fiore emana polline\u200b\u200b\u200b\u200b.[\/vc_column_text][\/vc_column][\/vc_row][vc_row][vc_column width=&#8221;1\/1&#8243;][vc_custom_heading separator=&#8221;under&#8221; separator_color=&#8221;yes&#8221; sub_reduced=&#8221;yes&#8221; uncode_shortcode_id=&#8221;185175&#8243; subheading=&#8221;Evoluzione umana: L&#039;importanza della diversit\u00e0 culturale e razziale&#8221;]Diversit\u00e0 nella Collezione[\/vc_custom_heading][vc_column_text uncode_shortcode_id=&#8221;166430&#8243;]L&#8217;origine della nostra specie, secondo gli studiosi, \u00e8 in Africa, e questo punto di propagazione coincide con la razza africana. Per questo motivo, nella collezione &#8220;Radiance&#8221; di Alex Righetto, vi \u00e8 una significativa rappresentazione della razza nera, riflettendo la diversit\u00e0 delle razze umane. <\/p>\n<p>La collezione celebra questa diversit\u00e0 e mette in evidenza la bellezza e l&#8217;energia unica che caratterizza ogni cultura e razza, con un&#8217;attenzione particolare alla rappresentazione delle donne africane, riconoscendo il loro ruolo fondamentale nell&#8217;origine e nell&#8217;evoluzione della nostra specie.[\/vc_column_text][\/vc_column][\/vc_row][vc_row][vc_column width=&#8221;1\/1&#8243;][vc_custom_heading separator=&#8221;under&#8221; separator_color=&#8221;yes&#8221; sub_reduced=&#8221;yes&#8221; uncode_shortcode_id=&#8221;234465&#8243; subheading=&#8221;Riflessioni sull&#039;espressione artistica nella collezione&#8221;]Evoluzione artistica[\/vc_custom_heading][vc_column_text uncode_shortcode_id=&#8221;366007&#8243;]I primi quattro pezzi della collezione &#8220;Radiance&#8221; di Alex Righetto, realizzati nel 2022, sono opere ad acquerello, mentre le evoluzioni pi\u00f9 recenti sono dipinti ad olio su tela.<\/p>\n<p>Questa transizione dal medium dell&#8217;acquerello all&#8217;olio su tela riflette l&#8217;esplorazione artistica in evoluzione e l&#8217;espressione all&#8217;interno della collezione, offrendo una gamma diversificata di texture e profondit\u00e0 nel ritrarre il tema centrale dell&#8217;energia femminile e della diversit\u00e0.[\/vc_column_text][\/vc_column][\/vc_row][vc_row][vc_column width=&#8221;1\/1&#8243;][vc_custom_heading separator=&#8221;under&#8221; separator_color=&#8221;yes&#8221; sub_reduced=&#8221;yes&#8221; uncode_shortcode_id=&#8221;186398&#8243; subheading=&#8221;L&#039;importanza del messaggio della collezione nel mondo moderno&#8221;]Riflessioni sul Tema[\/vc_custom_heading][vc_column_text uncode_shortcode_id=&#8221;716735&#8243;]Il tema della collezione &#8216;Radiance&#8217; di Alex Righetto si concentra sulla celebrazione dell&#8217;energia femminile e sulla denuncia di gravi problematiche quali il traffico degli esseri umani. Nella societ\u00e0 moderna, in particolare negli Stati Uniti, i dati relativi a questo fenomeno sono allarmanti.  Con il passare del tempo, i social media sono diventati veicoli per la diffusione di modelli di comportamento discutibili, alimentati anche dalla facile accessibilit\u00e0 dei siti per adulti a minori e adolescenti, contribuendo a creare un&#8217;immagine distorta e violenta della donna nel mondo. Questi siti stimolano la &#8216;domanda&#8217; che alimenta il terribile &#8216;mercato&#8217; degli esseri umani, spesso minorenni. <\/p>\n<p>Associazioni come <strong><a href=\"https:\/\/fightthenewdrug.org\/\" target=\"_blank\" rel=\"noopener\" data-schema-attribute=\"mentions\">fightthenewdrug.org<\/a><\/strong> lavorano per ridefinire questo ruolo, contrastando queste tendenze negative. La collezione &#8216;Radiance&#8217; si inserisce in questo contesto, utilizzando l&#8217;arte come strumento di sensibilizzazione e cambiamento sociale, senza necessariamente mostrare il lato brutale e oscuro.[\/vc_column_text][\/vc_column][\/vc_row]<\/p>\n<\/div>","protected":false},"excerpt":{"rendered":"<p>[vc_row row_height_percent=&#8221;0&#8243; override_padding=&#8221;yes&#8221; h_padding=&#8221;2&#8243; top_padding=&#8221;2&#8243; bottom_padding=&#8221;4&#8243; overlay_alpha=&#8221;50&#8243; gutter_size=&#8221;3&#8243; column_width_percent=&#8221;100&#8243; shift_y=&#8221;0&#8243; z_index=&#8221;0&#8243; uncode_shortcode_id=&#8221;250795&#8243;][vc_column width=&#8221;1\/1&#8243;][vc_column_text uncode_shortcode_id=&#8221;271833&#8243;][\/vc_column_text][vc_custom_heading auto_text=&#8221;yes&#8221; text_size=&#8221;fontsize-ultra-h1&#8243; uncode_shortcode_id=&#8221;609069&#8243;]This is a custom [&hellip;]<\/p>\n","protected":false},"author":13,"featured_media":134566,"parent":136153,"menu_order":0,"comment_status":"closed","ping_status":"closed","template":"","meta":{"_acf_changed":false,"_lmt_disableupdate":"","_lmt_disable":"","footnotes":""},"class_list":["post-136235","page","type-page","status-publish","has-post-thumbnail","hentry","page_category-collezioni","page_category-radiance-it"],"acf":[],"_links":{"self":[{"href":"https:\/\/www.alexrighetto.art\/it\/wp-json\/wp\/v2\/pages\/136235","targetHints":{"allow":["GET"]}}],"collection":[{"href":"https:\/\/www.alexrighetto.art\/it\/wp-json\/wp\/v2\/pages"}],"about":[{"href":"https:\/\/www.alexrighetto.art\/it\/wp-json\/wp\/v2\/types\/page"}],"author":[{"embeddable":true,"href":"https:\/\/www.alexrighetto.art\/it\/wp-json\/wp\/v2\/users\/13"}],"replies":[{"embeddable":true,"href":"https:\/\/www.alexrighetto.art\/it\/wp-json\/wp\/v2\/comments?post=136235"}],"version-history":[{"count":0,"href":"https:\/\/www.alexrighetto.art\/it\/wp-json\/wp\/v2\/pages\/136235\/revisions"}],"up":[{"embeddable":true,"href":"https:\/\/www.alexrighetto.art\/it\/wp-json\/wp\/v2\/pages\/136153"}],"wp:featuredmedia":[{"embeddable":true,"href":"https:\/\/www.alexrighetto.art\/it\/wp-json\/wp\/v2\/media\/134566"}],"wp:attachment":[{"href":"https:\/\/www.alexrighetto.art\/it\/wp-json\/wp\/v2\/media?parent=136235"}],"curies":[{"name":"wp","href":"https:\/\/api.w.org\/{rel}","templated":true}]}}