{"id":133631,"date":"2023-02-27T14:43:43","date_gmt":"2023-02-27T19:43:43","guid":{"rendered":"http:\/\/alexrighetto.art\/collezioni-alex\/the-studio-collection\/"},"modified":"2024-02-11T16:38:44","modified_gmt":"2024-02-11T21:38:44","slug":"la-collezione-studio","status":"publish","type":"page","link":"https:\/\/www.alexrighetto.art\/it\/collezioni\/la-collezione-studio\/","title":{"rendered":"La Collezione Studio"},"content":{"rendered":"<div class=\"wpb-content-wrapper\"><p>[vc_row row_height_percent=&#8221;30&#8243; back_color=&#8221;color-jevc&#8221; back_image=&#8221;134570&#8243; kburns=&#8221;yes&#8221; overlay_color=&#8221;color-jevc&#8221; overlay_alpha=&#8221;50&#8243; gutter_size=&#8221;3&#8243; column_width_percent=&#8221;100&#8243; shift_y=&#8221;0&#8243; z_index=&#8221;0&#8243; uncode_shortcode_id=&#8221;205561&#8243; overlay_color_type=&#8221;uncode-palette&#8221; back_color_type=&#8221;uncode-palette&#8221; row_height_pixel=&#8221;400&#8243; shape_dividers=&#8221;&#8221;][vc_column column_width_percent=&#8221;100&#8243; position_vertical=&#8221;middle&#8221; align_horizontal=&#8221;align_center&#8221; gutter_size=&#8221;3&#8243; style=&#8221;dark&#8221; overlay_alpha=&#8221;50&#8243; shift_x=&#8221;0&#8243; shift_y=&#8221;0&#8243; shift_y_down=&#8221;0&#8243; z_index=&#8221;0&#8243; medium_width=&#8221;0&#8243; mobile_width=&#8221;0&#8243; width=&#8221;1\/1&#8243; uncode_shortcode_id=&#8221;863622&#8243;][vc_custom_heading auto_text=&#8221;yes&#8221; text_size=&#8221;fontsize-ultra-h1&#8243; uncode_shortcode_id=&#8221;419720&#8243;]This is a custom heading element.[\/vc_custom_heading][vc_column_text uncode_shortcode_id=&#8221;182036&#8243;]<nav aria-label=\"breadcrumbs\" class=\"rank-math-breadcrumb\"><p><span class=\"last\">Home<\/span><\/p><\/nav>[\/vc_column_text][\/vc_column][\/vc_row][vc_row][vc_column column_width_percent=&#8221;75&#8243; gutter_size=&#8221;3&#8243; overlay_alpha=&#8221;50&#8243; shift_x=&#8221;0&#8243; shift_y=&#8221;0&#8243; shift_y_down=&#8221;0&#8243; z_index=&#8221;0&#8243; medium_width=&#8221;0&#8243; mobile_width=&#8221;0&#8243; width=&#8221;1\/1&#8243; uncode_shortcode_id=&#8221;134877&#8243;][vc_column_text text_lead=&#8221;yes&#8221; uncode_shortcode_id=&#8221;356154&#8243;]La Studio Collection \u00e8 un affascinante corpus di opere che mette in mostra lo stile artistico unico e la visione creativa di Alex Righetto. Questa collezione serve all&#8217;artista come campo di gioco per sperimentare nuove tecniche, esplorare diversi mezzi e spingersi oltre i confini della propria arte.[\/vc_column_text][vc_column_text text_lead=&#8221;yes&#8221; uncode_shortcode_id=&#8221;240802&#8243;]La gamma di opere incluse in questa collezione \u00e8 varia ed emozionante, con un mix di dipinti a olio, acquerelli e acrilici. Ogni pezzo \u00e8 uno studio a s\u00e9 stante, con dettagli intricati ed elementi visivi sorprendenti che catturano l&#8217;attenzione dello spettatore. I colori, le texture e le pennellate utilizzate in queste opere testimoniano la creativit\u00e0 e l&#8217;abilit\u00e0 dell&#8217;artista e offrono uno sguardo alla sua mente mentre esplora nuove tecniche e idee.[\/vc_column_text][\/vc_column][\/vc_row][vc_row][vc_column column_width_percent=&#8221;75&#8243; gutter_size=&#8221;3&#8243; overlay_alpha=&#8221;50&#8243; shift_x=&#8221;0&#8243; shift_y=&#8221;0&#8243; shift_y_down=&#8221;0&#8243; z_index=&#8221;0&#8243; medium_width=&#8221;0&#8243; mobile_width=&#8221;0&#8243; width=&#8221;1\/1&#8243; uncode_shortcode_id=&#8221;134877&#8243;][vc_column_text text_lead=&#8221;yes&#8221; uncode_shortcode_id=&#8221;164844&#8243;]<\/p>\n<p class=\"p1\">La Studio Collection non \u00e8 solo una vetrina di sperimentazione artistica, ma anche una fonte di ispirazione e creativit\u00e0 per l&#8217;artista.<\/p>\n<p>[\/vc_column_text][\/vc_column][\/vc_row][vc_row][vc_column width=&#8221;1\/1&#8243;][uncode_index el_id=&#8221;index-107878&#8243; index_type=&#8221;css_grid&#8221; loop=&#8221;size:-1|order_by:date|post_type:product|tax_query:629|taxonomy_count:10&#8243; grid_items=&#8221;3&#8243; screen_lg_items=&#8221;3&#8243; screen_lg_breakpoint=&#8221;1000&#8243; screen_md_items=&#8221;2&#8243; screen_md_breakpoint=&#8221;600&#8243; screen_sm_items=&#8221;2&#8243; screen_sm_breakpoint=&#8221;480&#8243; gutter_size=&#8221;1&#8243; product_items=&#8221;media|featured|onpost|original|hide-sale|inherit-atc|inherit-w-atc|atc-typo-default|hide-atc,title&#8221; single_text=&#8221;overlay&#8221; css_grid_images_size=&#8221;four-five&#8221; single_back_color=&#8221;color-uydo&#8221; single_overlay_color=&#8221;color-prif&#8221; single_overlay_coloration=&#8221;bottom_gradient&#8221; single_overlay_opacity=&#8221;50&#8243; single_overlay_visible=&#8221;yes&#8221; single_text_visible=&#8221;yes&#8221; single_h_align=&#8221;center&#8221; single_v_position=&#8221;bottom&#8221; single_padding=&#8221;2&#8243; single_title_dimension=&#8221;h4&#8243; single_title_scale_mobile=&#8221;no&#8221; uncode_shortcode_id=&#8221;117969&#8243;][\/vc_column][\/vc_row][vc_row][vc_column column_width_percent=&#8221;75&#8243; gutter_size=&#8221;3&#8243; overlay_alpha=&#8221;50&#8243; shift_x=&#8221;0&#8243; shift_y=&#8221;0&#8243; shift_y_down=&#8221;0&#8243; z_index=&#8221;0&#8243; medium_width=&#8221;0&#8243; mobile_width=&#8221;0&#8243; width=&#8221;1\/1&#8243; uncode_shortcode_id=&#8221;134877&#8243;][vc_column_text text_lead=&#8221;yes&#8221; uncode_shortcode_id=&#8221;184592&#8243;]Questi pezzi servono spesso come percorso di studio, che porta a nuove storie e idee per lavori futuri. La collezione \u00e8 un capolavoro in continua evoluzione: ogni nuovo pezzo si aggiunge all&#8217;arazzo del percorso artistico di Alex Righetto.<br \/>\nPur non essendo tipicamente esposta nelle gallerie, la Studio Collection \u00e8 comunque disponibile per la vendita. Questi pezzi costituiscono un arredamento straordinario, che aggiunge profondit\u00e0 e carattere a qualsiasi spazio.<br \/>\nSono una testimonianza della dedizione dell&#8217;artista al proprio mestiere e della sua volont\u00e0 di spingersi oltre i confini della propria arte.[\/vc_column_text][\/vc_column][\/vc_row][vc_row][vc_column width=&#8221;1\/1&#8243;][uncode_block id=&#8221;134375&#8243;][\/vc_column][\/vc_row]<\/p>\n<\/div>","protected":false},"excerpt":{"rendered":"<p>La Studio Collection di Alex Righetto \u00e8 una serie di opere che mettono in mostra lo stile unico e la visione creativa dell&#8217;artista. Con una vasta gamma di opere, tra cui dipinti a olio, acquerelli e acrilici, ogni lavoro \u00e8 uno studio a s\u00e9 stante con dettagli intricati ed elementi visivi sorprendenti.  <\/p>\n","protected":false},"author":13,"featured_media":134571,"parent":133576,"menu_order":0,"comment_status":"closed","ping_status":"closed","template":"","meta":{"_acf_changed":false,"_lmt_disableupdate":"","_lmt_disable":"","footnotes":""},"class_list":["post-133631","page","type-page","status-publish","has-post-thumbnail","hentry","page_category-collezioni"],"acf":[],"_links":{"self":[{"href":"https:\/\/www.alexrighetto.art\/it\/wp-json\/wp\/v2\/pages\/133631","targetHints":{"allow":["GET"]}}],"collection":[{"href":"https:\/\/www.alexrighetto.art\/it\/wp-json\/wp\/v2\/pages"}],"about":[{"href":"https:\/\/www.alexrighetto.art\/it\/wp-json\/wp\/v2\/types\/page"}],"author":[{"embeddable":true,"href":"https:\/\/www.alexrighetto.art\/it\/wp-json\/wp\/v2\/users\/13"}],"replies":[{"embeddable":true,"href":"https:\/\/www.alexrighetto.art\/it\/wp-json\/wp\/v2\/comments?post=133631"}],"version-history":[{"count":0,"href":"https:\/\/www.alexrighetto.art\/it\/wp-json\/wp\/v2\/pages\/133631\/revisions"}],"up":[{"embeddable":true,"href":"https:\/\/www.alexrighetto.art\/it\/wp-json\/wp\/v2\/pages\/133576"}],"wp:featuredmedia":[{"embeddable":true,"href":"https:\/\/www.alexrighetto.art\/it\/wp-json\/wp\/v2\/media\/134571"}],"wp:attachment":[{"href":"https:\/\/www.alexrighetto.art\/it\/wp-json\/wp\/v2\/media?parent=133631"}],"curies":[{"name":"wp","href":"https:\/\/api.w.org\/{rel}","templated":true}]}}